{"id":106,"date":"2018-04-25T22:12:12","date_gmt":"2018-04-25T22:12:12","guid":{"rendered":"http:\/\/themeforest.unitedthemes.com\/wpversions\/brooklyn\/demo37\/front-page-copy-2\/"},"modified":"2021-11-05T01:16:37","modified_gmt":"2021-11-05T01:16:37","slug":"nosotros","status":"publish","type":"page","link":"https:\/\/www.bespokecabo.com\/es\/nosotros\/","title":{"rendered":"Nosotros"},"content":{"rendered":"<p>[vc_section el_name=\u00bbStudio West Brooklyn\u00bb css=\u00bb.vc_custom_1635823093931{margin-bottom: -200px !important;}\u00bb][vc_row css=\u00bb.vc_custom_1635985932417{margin-top: -80px !important;margin-bottom: -80px !important;}\u00bb][vc_column]<div class=\"wpb_content_element \"><style type=\"text\/css\"><\/style><header id=\"ut_header_69e159fac5e40\" class=\"section-header  ut-no-title-linebreak-mobile ut-no-lead-linebreak-mobile pt-style-7 header-left header-tablet-left header-mobile-center\"><h2 data-title=\"El Equipo\"  class=\"section-title  \"><span>El Equipo<\/span><\/h2><div data-delay=\"0\" class=\"lead \"><p>Somos un equipo joven con m\u00e1s de 30 a\u00f1os de experiencia combinada en las disciplinas de Arquitectura, Dise\u00f1o Interior y Dise\u00f1o de Mobiliario.<br \/>\nA principios de 2021 fundamos Bespoke, palabra brit\u00e1nica que significa &#8216;hecho a medida de una persona en particular&#8217;, el cu\u00e1l es manejado por 4 socios y nuestro estudio se localiza en San Jos\u00e9 del Cabo.<br \/>\nNos encanta trabajar muy de cerca con nuestros clientes a trav\u00e9s de todo el proceso creativo para proporcionarles una soluci\u00f3n integral a sus altos est\u00e1ndares y necesidades espec\u00edficas.<\/p>\n<\/div><\/header><\/div>[\/vc_column][\/vc_row][vc_row css=\u00bb.vc_custom_1635985951614{margin-top: 60px !important;margin-bottom: -60px !important;}\u00bb][vc_column]<div class=\"wpb_content_element \"><style type=\"text\/css\"><\/style><header id=\"ut_header_69e159fac676e\" class=\"section-header  ut-no-title-linebreak-mobile ut-no-lead-linebreak-mobile pt-style-7 header-left header-tablet-left header-mobile-center\"><h2 data-title=\"Lo Que Defendemos\"  class=\"section-title  \"><span>Lo Que Defendemos<\/span><\/h2><div data-delay=\"0\" class=\"lead \"><p>Creemos en el trabajo en equipo, ninguna idea es descartada jam\u00e1s y nos gusta probar diferentes enfoques a una idea central.<br \/>\nTodo lo que dise\u00f1amos lo hacemos con cuidado y con atenci\u00f3n a los detalles.<br \/>\nNuestro m\u00e9todo es sencillo: escuchar a nuestro cliente para alcanzar una soluci\u00f3n bien analizada y elegante.<\/p>\n<\/div><\/header><\/div>[\/vc_column][\/vc_row][vc_row full_width=\u00bbstretch_row_content_no_spaces\u00bb parallax=\u00bbcontent-moving\u00bb background_position=\u00bbcenter center\u00bb css=\u00bb.vc_custom_1635985968438{margin-top: -50px !important;margin-bottom: -80px !important;}\u00bb][vc_column]<div  class=\"wpb_content_element   clearfix\"><style type=\"text\/css\">#ut_am_69e159fac715e { opacity: 0.9; }#ut_am_wrap_69e159fac715f .ut-image-gallery-item-caption-title h3 { letter-spacing: 0em; }#ut_am_wrap_69e159fac715f .ut-gallery-slider-caption { font-weight: bold; }#ut_am_wrap_69e159fac715f { text-align: center; }@media (min-width: 768px) and (max-width: 1024px) { #ut_am_wrap_69e159fac715f { text-align: center !important; } }@media (max-width: 767px) { #ut_am_wrap_69e159fac715f { text-align: center !important; } }<\/style><div id=\"ut_am_wrap_69e159fac715f\" class=\"ut-image-gallery-image \"><div id=\"ut_reveal_69e159fac7160\"  data-appear-top-offset=\"auto\" class=\"ut-animated-image-item ut-image-gallery-item ut-animation-done \"><a class=\"ut-deactivated-link\" href=\"#\"><div class=\"ut-animated-image-zoom\"><img class=\"ut-lazy skip-lazy ut-animated-image \"  id=\"ut_am_69e159fac715e\" src=\"data:image\/svg+xml;charset=utf-8,%3Csvg xmlns%3D'http%3A%2F%2Fwww.w3.org%2F2000%2Fsvg' viewBox%3D'0 0 2200 312'%2F%3E\" data-src=\"https:\/\/www.bespokecabo.com\/es\/wp-content\/uploads\/2021\/11\/bespokestairs.jpg\" width=\"2200\" height=\"312\" alt=\"\"\/><\/div><\/a><\/div><\/div><\/div>[\/vc_column][\/vc_row][\/vc_section]<\/p>\n","protected":false},"excerpt":{"rendered":"<p>[vc_section el_name=\u00bbStudio West Brooklyn\u00bb css=\u00bb.vc_custom_1635823093931{margin-bottom: -200px !important;}\u00bb][vc_row css=\u00bb.vc_custom_1635985932417{margin-top: -80px !important;margin-bottom: -80px !important;}\u00bb][vc_column][\/vc_column][\/vc_row][vc_row css=\u00bb.vc_custom_1635985951614{margin-top: 60px !important;margin-bottom: -60px !important;}\u00bb][vc_column][\/vc_column][\/vc_row][vc_row full_width=\u00bbstretch_row_content_no_spaces\u00bb parallax=\u00bbcontent-moving\u00bb background_position=\u00bbcenter center\u00bb css=\u00bb.vc_custom_1635985968438{margin-top: -50px !important;margin-bottom: -80px !important;}\u00bb][vc_column][\/vc_column][\/vc_row][\/vc_section]<\/p>\n","protected":false},"author":1,"featured_media":0,"parent":0,"menu_order":0,"comment_status":"closed","ping_status":"closed","template":"","meta":[],"_links":{"self":[{"href":"https:\/\/www.bespokecabo.com\/es\/wp-json\/wp\/v2\/pages\/106"}],"collection":[{"href":"https:\/\/www.bespokecabo.com\/es\/wp-json\/wp\/v2\/pages"}],"about":[{"href":"https:\/\/www.bespokecabo.com\/es\/wp-json\/wp\/v2\/types\/page"}],"author":[{"embeddable":true,"href":"https:\/\/www.bespokecabo.com\/es\/wp-json\/wp\/v2\/users\/1"}],"replies":[{"embeddable":true,"href":"https:\/\/www.bespokecabo.com\/es\/wp-json\/wp\/v2\/comments?post=106"}],"version-history":[{"count":48,"href":"https:\/\/www.bespokecabo.com\/es\/wp-json\/wp\/v2\/pages\/106\/revisions"}],"predecessor-version":[{"id":780,"href":"https:\/\/www.bespokecabo.com\/es\/wp-json\/wp\/v2\/pages\/106\/revisions\/780"}],"wp:attachment":[{"href":"https:\/\/www.bespokecabo.com\/es\/wp-json\/wp\/v2\/media?parent=106"}],"curies":[{"name":"wp","href":"https:\/\/api.w.org\/{rel}","templated":true}]}}