{"id":173,"date":"2018-04-25T23:07:58","date_gmt":"2018-04-25T23:07:58","guid":{"rendered":"http:\/\/themeforest.unitedthemes.com\/wpversions\/brooklyn\/xml\/demo37\/gallery\/"},"modified":"2021-11-03T01:42:53","modified_gmt":"2021-11-03T01:42:53","slug":"carreras","status":"publish","type":"page","link":"https:\/\/www.bespokecabo.com\/es\/carreras\/","title":{"rendered":"Carreras"},"content":{"rendered":"<p>[vc_section css=\u00bb.vc_custom_1635824007020{margin-bottom: -250px !important;padding-bottom: 0px !important;}\u00bb el_name=\u00bbOur Yoga Gallery\u00bb][vc_row css=\u00bb.vc_custom_1635800257464{margin-top: -80px !important;}\u00bb][vc_column]<div class=\"wpb_content_element \"><style type=\"text\/css\"><\/style><header id=\"ut_header_69e885cb98167\" class=\"section-header  ut-no-title-linebreak-mobile ut-no-lead-linebreak-mobile pt-style-7 header-left header-tablet-left header-mobile-center\"><h2 data-title=\"Carreras en Bespoke\"  class=\"section-title  \"><span>Carreras en Bespoke<\/span><\/h2><div data-delay=\"0\" class=\"lead \"><p>Siempre estamos en la b\u00fasqueda de personas excepcionales para unirse a nuestro equipo. La cultura de la pr\u00e1ctica es abierta y din\u00e1mica y nos complace que el mejor talento se nos una.<\/p>\n<p>Env\u00edanos tu informaci\u00f3n y nos pondremos en contacto contigo si alguna posici\u00f3n est\u00e1 disponible.<\/p>\n<\/div><\/header><\/div>[\/vc_column][\/vc_row][vc_row full_width=\u00bb\u00bb css=\u00bb.vc_custom_1635823870533{margin-top: -20px !important;margin-bottom: -80px !important;}\u00bb][vc_column]<div id=\"ut_cf7_colors_69e885cb98607\" class=\"wpb_content_element   vc_custom_1635823496139\"><div role=\"form\" class=\"wpcf7\" id=\"wpcf7-f597-o1\" lang=\"es-ES\" dir=\"ltr\">\n<div class=\"screen-reader-response\"><p role=\"status\" aria-live=\"polite\" aria-atomic=\"true\"><\/p> <ul><\/ul><\/div>\n<form action=\"\/es\/wp-json\/wp\/v2\/pages\/173#wpcf7-f597-o1\" method=\"post\" class=\"wpcf7-form init\" enctype=\"multipart\/form-data\" novalidate=\"novalidate\" data-status=\"init\">\n<div style=\"display: none;\">\n<input type=\"hidden\" name=\"_wpcf7\" value=\"597\" \/>\n<input type=\"hidden\" name=\"_wpcf7_version\" value=\"5.5.2\" \/>\n<input type=\"hidden\" name=\"_wpcf7_locale\" value=\"es_ES\" \/>\n<input type=\"hidden\" name=\"_wpcf7_unit_tag\" value=\"wpcf7-f597-o1\" \/>\n<input type=\"hidden\" name=\"_wpcf7_container_post\" value=\"0\" \/>\n<input type=\"hidden\" name=\"_wpcf7_posted_data_hash\" value=\"\" \/>\n<\/div>\n<p><label> Tu Nombre<br \/>\n    <span class=\"wpcf7-form-control-wrap your-name\"><input type=\"text\" name=\"your-name\" value=\"\" size=\"40\" class=\"wpcf7-form-control wpcf7-text wpcf7-validates-as-required\" aria-required=\"true\" aria-invalid=\"false\" \/><\/span> <\/label><\/p>\n<p><label> Tu Correo Electr\u00f3nico<br \/>\n    <span class=\"wpcf7-form-control-wrap your-email\"><input type=\"email\" name=\"your-email\" value=\"\" size=\"40\" class=\"wpcf7-form-control wpcf7-text wpcf7-email wpcf7-validates-as-required wpcf7-validates-as-email\" aria-required=\"true\" aria-invalid=\"false\" \/><\/span> <\/label><\/p>\n<p><label> Asunto<br \/>\n    <span class=\"wpcf7-form-control-wrap your-subject\"><input type=\"text\" name=\"your-subject\" value=\"\" size=\"40\" class=\"wpcf7-form-control wpcf7-text wpcf7-validates-as-required\" aria-required=\"true\" aria-invalid=\"false\" \/><\/span> <\/label><\/p>\n<p><label> Tu Mensaje<br \/>\n    <span class=\"wpcf7-form-control-wrap your-message\"><textarea name=\"your-message\" cols=\"40\" rows=\"10\" class=\"wpcf7-form-control wpcf7-textarea\" aria-invalid=\"false\"><\/textarea><\/span> <\/label><\/p>\n<p><label> Sube tu curr\u00edculo o portafolio (s\u00f3lo PDF - 10MB max)<br \/>\n<span class=\"wpcf7-form-control-wrap file-180\"><input type=\"file\" name=\"file-180\" size=\"40\" class=\"wpcf7-form-control wpcf7-file\" accept=\".pdf\" aria-invalid=\"false\" \/><\/span><\/p>\n<p><input type=\"submit\" value=\"ENVIAR\" class=\"wpcf7-form-control has-spinner wpcf7-submit\" \/><\/p>\n<div class=\"wpcf7-response-output\" aria-hidden=\"true\"><\/div><\/form><\/div><\/div>[\/vc_column][\/vc_row][\/vc_section]<\/p>\n","protected":false},"excerpt":{"rendered":"<p>[vc_section css=\u00bb.vc_custom_1635824007020{margin-bottom: -250px !important;padding-bottom: 0px !important;}\u00bb el_name=\u00bbOur Yoga Gallery\u00bb][vc_row css=\u00bb.vc_custom_1635800257464{margin-top: -80px !important;}\u00bb][vc_column][\/vc_column][\/vc_row][vc_row full_width=\u00bb\u00bb css=\u00bb.vc_custom_1635823870533{margin-top: -20px !important;margin-bottom: -80px !important;}\u00bb][vc_column][\/vc_column][\/vc_row][\/vc_section]<\/p>\n","protected":false},"author":1,"featured_media":0,"parent":0,"menu_order":0,"comment_status":"closed","ping_status":"closed","template":"","meta":[],"_links":{"self":[{"href":"https:\/\/www.bespokecabo.com\/es\/wp-json\/wp\/v2\/pages\/173"}],"collection":[{"href":"https:\/\/www.bespokecabo.com\/es\/wp-json\/wp\/v2\/pages"}],"about":[{"href":"https:\/\/www.bespokecabo.com\/es\/wp-json\/wp\/v2\/types\/page"}],"author":[{"embeddable":true,"href":"https:\/\/www.bespokecabo.com\/es\/wp-json\/wp\/v2\/users\/1"}],"replies":[{"embeddable":true,"href":"https:\/\/www.bespokecabo.com\/es\/wp-json\/wp\/v2\/comments?post=173"}],"version-history":[{"count":44,"href":"https:\/\/www.bespokecabo.com\/es\/wp-json\/wp\/v2\/pages\/173\/revisions"}],"predecessor-version":[{"id":761,"href":"https:\/\/www.bespokecabo.com\/es\/wp-json\/wp\/v2\/pages\/173\/revisions\/761"}],"wp:attachment":[{"href":"https:\/\/www.bespokecabo.com\/es\/wp-json\/wp\/v2\/media?parent=173"}],"curies":[{"name":"wp","href":"https:\/\/api.w.org\/{rel}","templated":true}]}}