{"id":517,"date":"2018-04-25T13:37:28","date_gmt":"2018-04-25T13:37:28","guid":{"rendered":"http:\/\/themeforest.unitedthemes.com\/wpversions\/brooklyn\/demo37\/?page_id=6"},"modified":"2021-11-04T00:31:32","modified_gmt":"2021-11-04T00:31:32","slug":"front-page","status":"publish","type":"page","link":"https:\/\/www.bespokecabo.com\/es\/","title":{"rendered":"Front Page"},"content":{"rendered":"<p>[vc_section css=\u00bb.vc_custom_1635799722622{padding-bottom: 0px !important;}\u00bb el_name=\u00bbWelcome to our Studio\u00bb][vc_row css=\u00bb.vc_custom_1635985871454{margin-top: -80px !important;margin-bottom: -40px !important;}\u00bb][vc_column]<div class=\"wpb_content_element \"><style type=\"text\/css\"><\/style><header id=\"ut_header_69e145480688a\" class=\"section-header  ut-no-title-linebreak-mobile ut-no-lead-linebreak-mobile pt-style-7 header-left header-tablet-left header-mobile-center\"><h2 data-title=\"Bienvenido a Bespoke\"  class=\"section-title  \"><span>Bienvenido a <b>Bespoke<\/b><\/span><\/h2><div data-delay=\"0\" class=\"lead \"><p>Con mas de 30 a\u00f1os de experiencia combinados nuestro equipo de dise\u00f1o proporciona proyectos desde el primer sketch hasta el dise\u00f1o estrat\u00e9gico, dibujos para construcci\u00f3n y terminaci\u00f3n.<br \/>\nEn este sitio podr\u00e1s encontrar m\u00e1s informaci\u00f3n acerca de nuestras pr\u00e1cticas de dise\u00f1o integral y valores.<\/p>\n<\/div><\/header><\/div>[\/vc_column][\/vc_row][vc_row full_width=\u00bbstretch_row_content_no_spaces\u00bb][vc_column]<div id=\"ut_oms_69e1454806d08\" class=\"wpb_content_element  vc_custom_1635796708554\"><style type=\"text\/css\"> #ut_oms_69e1454806d08 .ut-next-gallery-slide { color: rgb(9, 3, 32);}#ut_oms_69e1454806d08 .ut-prev-gallery-slide { color: rgb(9, 3, 32);} #ut_oms_69e1454806d08 .ut-next-gallery-slide:hover { color: rgb(9, 3, 32);}#ut_oms_69e1454806d08 .ut-prev-gallery-slide:hover { color: rgb(9, 3, 32);} #ut_oms_69e1454806d08 .ut-next-gallery-slide { background: rgb(255, 255, 255);}#ut_oms_69e1454806d08 .ut-prev-gallery-slide { background: rgb(255, 255, 255);} #ut_oms_69e1454806d08 .ut-next-gallery-slide:hover { background: rgba(255, 255, 255, 0.5);}#ut_oms_69e1454806d08 .ut-prev-gallery-slide:hover { background: rgba(255, 255, 255, 0.5);} #ut_oms_69e1454806d08 .ut-slider-maximize { color:rgb(9, 3, 32);} #ut_oms_69e1454806d08 .ut-slider-maximize { background:#ffffff;} #ut_oms_69e1454806d08 .ut-gallery-slider-caption-wrap::before {color: #ffffff;} #ut_oms_69e1454806d08 .ut-gallery-slider-caption-wrap::before {text-transform: lowercase;} #ut_oms_69e1454806d08 .ut-gallery-slider-caption-wrap::after {background-color: #09031f;} #ut_oms_69e1454806d08 .ut-gallery-slider-caption-wrap:hover::after {opacity: 0.3}<\/style><div class=\"ut-owl-gallery-slider-wrap ut-owl-gallery-slider-style-one\"><div id=\"ut_ms_69e1454806d07\" class=\"ut-owl-gallery-slider owl-carousel owl-theme  ut-owl-carousel\" data-settings=\"{&quot;items&quot;:&quot;4&quot;,&quot;lazyLoad&quot;:true,&quot;smartSpeed&quot;:600,&quot;animateIn&quot;:false,&quot;animateOut&quot;:false,&quot;autoplay&quot;:true,&quot;autoplayHoverPause&quot;:true,&quot;autoplayTimeout&quot;:5000,&quot;loop&quot;:true,&quot;nav&quot;:false,&quot;dots&quot;:false,&quot;responsiveClass&quot;:true,&quot;responsive&quot;:{&quot;0&quot;:{&quot;items&quot;:1},&quot;768&quot;:{&quot;items&quot;:&quot;3&quot;},&quot;1025&quot;:{&quot;items&quot;:&quot;4&quot;}},&quot;lightbox&quot;:&quot;yes&quot;}\"><div><figure class=\"ut-gallery-slider-caption-wrap\"><a data-title=\"CasaDiamante-139\" data-caption=\"\" data-caption-color=\"\" data-caption-background=\"\" data-trigger-id=\"ut-lightbox-trigger-552\" data-exthumbimage=\"https:\/\/www.bespokecabo.com\/es\/wp-content\/uploads\/2021\/10\/CasaDiamante-139-200x200.jpg\" href=\"https:\/\/www.bespokecabo.com\/es\/wp-content\/uploads\/2021\/10\/CasaDiamante-139.jpg\" class=\"for-lightbox ut-slider-maximize\"><i class=\"Bklyn-Core-Maximize-3\"><\/i><\/a><img class=\"item owl-lazy\"  data-src=\"https:\/\/www.bespokecabo.com\/es\/wp-content\/uploads\/2021\/10\/CasaDiamante-139-1300x867.jpg\" \/><\/figure><\/div><div><figure class=\"ut-gallery-slider-caption-wrap\"><a data-title=\"CasaDiamante-48\" data-caption=\"\" data-caption-color=\"\" data-caption-background=\"\" data-trigger-id=\"ut-lightbox-trigger-551\" data-exthumbimage=\"https:\/\/www.bespokecabo.com\/es\/wp-content\/uploads\/2021\/10\/CasaDiamante-48-200x200.jpg\" href=\"https:\/\/www.bespokecabo.com\/es\/wp-content\/uploads\/2021\/10\/CasaDiamante-48.jpg\" class=\"for-lightbox ut-slider-maximize\"><i class=\"Bklyn-Core-Maximize-3\"><\/i><\/a><img class=\"item owl-lazy\"  data-src=\"https:\/\/www.bespokecabo.com\/es\/wp-content\/uploads\/2021\/10\/CasaDiamante-48-1300x867.jpg\" \/><\/figure><\/div><div><figure class=\"ut-gallery-slider-caption-wrap\"><a data-title=\"image (2)\" data-caption=\"\" data-caption-color=\"\" data-caption-background=\"\" data-trigger-id=\"ut-lightbox-trigger-550\" data-exthumbimage=\"https:\/\/www.bespokecabo.com\/es\/wp-content\/uploads\/2021\/10\/image-2-200x200.jpg\" href=\"https:\/\/www.bespokecabo.com\/es\/wp-content\/uploads\/2021\/10\/image-2.jpg\" class=\"for-lightbox ut-slider-maximize\"><i class=\"Bklyn-Core-Maximize-3\"><\/i><\/a><img class=\"item owl-lazy\"  data-src=\"https:\/\/www.bespokecabo.com\/es\/wp-content\/uploads\/2021\/10\/image-2-1300x867.jpg\" \/><\/figure><\/div><div><figure class=\"ut-gallery-slider-caption-wrap\"><a data-title=\"CasaDiamante-72\" data-caption=\"\" data-caption-color=\"\" data-caption-background=\"\" data-trigger-id=\"ut-lightbox-trigger-549\" data-exthumbimage=\"https:\/\/www.bespokecabo.com\/es\/wp-content\/uploads\/2021\/10\/CasaDiamante-72-200x200.jpg\" href=\"https:\/\/www.bespokecabo.com\/es\/wp-content\/uploads\/2021\/10\/CasaDiamante-72.jpg\" class=\"for-lightbox ut-slider-maximize\"><i class=\"Bklyn-Core-Maximize-3\"><\/i><\/a><img class=\"item owl-lazy\"  data-src=\"https:\/\/www.bespokecabo.com\/es\/wp-content\/uploads\/2021\/10\/CasaDiamante-72-1300x867.jpg\" \/><\/figure><\/div><div><figure class=\"ut-gallery-slider-caption-wrap\"><a data-title=\"CasaDiamante-101\" data-caption=\"\" data-caption-color=\"\" data-caption-background=\"\" data-trigger-id=\"ut-lightbox-trigger-548\" data-exthumbimage=\"https:\/\/www.bespokecabo.com\/es\/wp-content\/uploads\/2021\/10\/CasaDiamante-101-200x200.jpg\" href=\"https:\/\/www.bespokecabo.com\/es\/wp-content\/uploads\/2021\/10\/CasaDiamante-101.jpg\" class=\"for-lightbox ut-slider-maximize\"><i class=\"Bklyn-Core-Maximize-3\"><\/i><\/a><img class=\"item owl-lazy\"  data-src=\"https:\/\/www.bespokecabo.com\/es\/wp-content\/uploads\/2021\/10\/CasaDiamante-101-1300x867.jpg\" \/><\/figure><\/div><div><figure class=\"ut-gallery-slider-caption-wrap\"><a data-title=\"CasaDiamante-11\" data-caption=\"\" data-caption-color=\"\" data-caption-background=\"\" data-trigger-id=\"ut-lightbox-trigger-547\" data-exthumbimage=\"https:\/\/www.bespokecabo.com\/es\/wp-content\/uploads\/2021\/10\/CasaDiamante-11-200x200.jpg\" href=\"https:\/\/www.bespokecabo.com\/es\/wp-content\/uploads\/2021\/10\/CasaDiamante-11.jpg\" class=\"for-lightbox ut-slider-maximize\"><i class=\"Bklyn-Core-Maximize-3\"><\/i><\/a><img class=\"item owl-lazy\"  data-src=\"https:\/\/www.bespokecabo.com\/es\/wp-content\/uploads\/2021\/10\/CasaDiamante-11-1300x867.jpg\" \/><\/figure><\/div><div><figure class=\"ut-gallery-slider-caption-wrap\"><a data-title=\"20180524_164312\" data-caption=\"\" data-caption-color=\"\" data-caption-background=\"\" data-trigger-id=\"ut-lightbox-trigger-546\" data-exthumbimage=\"https:\/\/www.bespokecabo.com\/es\/wp-content\/uploads\/2021\/10\/20180524_164312-200x200.jpg\" href=\"https:\/\/www.bespokecabo.com\/es\/wp-content\/uploads\/2021\/10\/20180524_164312.jpg\" class=\"for-lightbox ut-slider-maximize\"><i class=\"Bklyn-Core-Maximize-3\"><\/i><\/a><img class=\"item owl-lazy\"  data-src=\"https:\/\/www.bespokecabo.com\/es\/wp-content\/uploads\/2021\/10\/20180524_164312-1300x867.jpg\" \/><\/figure><\/div><div><figure class=\"ut-gallery-slider-caption-wrap\"><a data-title=\"20180428_124729\" data-caption=\"\" data-caption-color=\"\" data-caption-background=\"\" data-trigger-id=\"ut-lightbox-trigger-545\" data-exthumbimage=\"https:\/\/www.bespokecabo.com\/es\/wp-content\/uploads\/2021\/10\/20180428_124729-200x200.jpg\" href=\"https:\/\/www.bespokecabo.com\/es\/wp-content\/uploads\/2021\/10\/20180428_124729.jpg\" class=\"for-lightbox ut-slider-maximize\"><i class=\"Bklyn-Core-Maximize-3\"><\/i><\/a><img class=\"item owl-lazy\"  data-src=\"https:\/\/www.bespokecabo.com\/es\/wp-content\/uploads\/2021\/10\/20180428_124729-1300x867.jpg\" \/><\/figure><\/div><div><figure class=\"ut-gallery-slider-caption-wrap\"><a data-title=\"image (4)\" data-caption=\"\" data-caption-color=\"\" data-caption-background=\"\" data-trigger-id=\"ut-lightbox-trigger-543\" data-exthumbimage=\"https:\/\/www.bespokecabo.com\/es\/wp-content\/uploads\/2021\/10\/image-4-200x200.jpg\" href=\"https:\/\/www.bespokecabo.com\/es\/wp-content\/uploads\/2021\/10\/image-4.jpg\" class=\"for-lightbox ut-slider-maximize\"><i class=\"Bklyn-Core-Maximize-3\"><\/i><\/a><img class=\"item owl-lazy\"  data-src=\"https:\/\/www.bespokecabo.com\/es\/wp-content\/uploads\/2021\/10\/image-4-1300x867.jpg\" \/><\/figure><\/div><div><figure class=\"ut-gallery-slider-caption-wrap\"><a data-title=\"image (5)\" data-caption=\"\" data-caption-color=\"\" data-caption-background=\"\" data-trigger-id=\"ut-lightbox-trigger-542\" data-exthumbimage=\"https:\/\/www.bespokecabo.com\/es\/wp-content\/uploads\/2021\/10\/image-5-200x200.jpg\" href=\"https:\/\/www.bespokecabo.com\/es\/wp-content\/uploads\/2021\/10\/image-5.jpg\" class=\"for-lightbox ut-slider-maximize\"><i class=\"Bklyn-Core-Maximize-3\"><\/i><\/a><img class=\"item owl-lazy\"  data-src=\"https:\/\/www.bespokecabo.com\/es\/wp-content\/uploads\/2021\/10\/image-5-1300x867.jpg\" \/><\/figure><\/div><div><figure class=\"ut-gallery-slider-caption-wrap\"><a data-title=\"CasaDiamante-16\" data-caption=\"\" data-caption-color=\"\" data-caption-background=\"\" data-trigger-id=\"ut-lightbox-trigger-541\" data-exthumbimage=\"https:\/\/www.bespokecabo.com\/es\/wp-content\/uploads\/2021\/10\/CasaDiamante-16-200x200.jpg\" href=\"https:\/\/www.bespokecabo.com\/es\/wp-content\/uploads\/2021\/10\/CasaDiamante-16.jpg\" class=\"for-lightbox ut-slider-maximize\"><i class=\"Bklyn-Core-Maximize-3\"><\/i><\/a><img class=\"item owl-lazy\"  data-src=\"https:\/\/www.bespokecabo.com\/es\/wp-content\/uploads\/2021\/10\/CasaDiamante-16-1300x867.jpg\" \/><\/figure><\/div><div><figure class=\"ut-gallery-slider-caption-wrap\"><a data-title=\"CasaDiamante-42\" data-caption=\"\" data-caption-color=\"\" data-caption-background=\"\" data-trigger-id=\"ut-lightbox-trigger-540\" data-exthumbimage=\"https:\/\/www.bespokecabo.com\/es\/wp-content\/uploads\/2021\/10\/CasaDiamante-42-1-200x200.jpg\" href=\"https:\/\/www.bespokecabo.com\/es\/wp-content\/uploads\/2021\/10\/CasaDiamante-42-1.jpg\" class=\"for-lightbox ut-slider-maximize\"><i class=\"Bklyn-Core-Maximize-3\"><\/i><\/a><img class=\"item owl-lazy\"  data-src=\"https:\/\/www.bespokecabo.com\/es\/wp-content\/uploads\/2021\/10\/CasaDiamante-42-1-1300x867.jpg\" \/><\/figure><\/div><\/div><a href=\"#\" data-for=\"ut_ms_69e1454806d07\" class=\"ut-prev-gallery-slide \"><i class=\"Bklyn-Core-Left-2\"><\/i><\/a><a href=\"#\" data-for=\"ut_ms_69e1454806d07\" class=\"ut-next-gallery-slide \"><i class=\"Bklyn-Core-Right-2\"><\/i><\/a><\/div><\/div>[\/vc_column][\/vc_row][\/vc_section][vc_section css=\u00bb.vc_custom_1635985890358{margin-top: -80px !important;margin-bottom: -160px !important;padding-bottom: 0px !important;background-color: #fcfaf6 !important;}\u00bb el_name=\u00bbOur Studio\u00bb][vc_row hide_on_mobile=\u00bbtrue\u00bb el_name=\u00bbDesktop and Tablet Version\u00bb][vc_column width=\u00bb1\/2&#8243;]<div class=\"wpb_content_element \"><style type=\"text\/css\"><\/style><header id=\"ut_header_69e1454824c0a\" class=\"section-header  ut-no-title-linebreak-mobile ut-no-lead-linebreak-mobile pt-style-7 header-left header-tablet-left header-mobile-center\"><h2 data-title=\"Nuestro Estudio\"  class=\"section-title  \"><span>Nuestro Estudio<\/span><\/h2><div data-delay=\"0\" class=\"lead \"><p>Nuestro estudio esta localizado en el coraz\u00f3n de San Jos\u00e9 del Cabo en Los Cabos, BCS, M\u00e9xico.<br \/>\nBrindamos servicios de Arquitectura, Dise\u00f1o Interior y Dise\u00f1o de Mobiliario, este proceso de dise\u00f1o integral s\u00f3lo es posible con la invaluable contribuci\u00f3n de diferentes disciplinas y la visi\u00f3n de nuestros clientes.<\/p>\n<\/div><\/header><\/div>[\/vc_column][vc_column width=\u00bb1\/2&#8243;][vc_row_inner][vc_column_inner width=\u00bb1\/2&#8243;][vc_column_text]<\/p>\n<h3 style=\"text-align: left;\"><span style=\"color: #333333;\">Contacto<\/span><\/h3>\n<p style=\"text-align: left;\"><span style=\"color: #333333;\"><strong>Tel\u00e9fono<\/strong><\/span><\/p>\n<p style=\"text-align: left;\"><span style=\"color: #333333;\">+52 624-247-5875<\/span><\/p>\n<p style=\"text-align: left;\"><span style=\"color: #333333;\"><strong>Horario<\/strong><\/span><\/p>\n<p style=\"text-align: left;\"><span style=\"color: #333333;\">Mon &#8211; Fri: 9am &#8211; 5pm<\/span><\/p>\n<p>[\/vc_column_text][\/vc_column_inner][vc_column_inner width=\u00bb1\/2&#8243;][vc_column_text]<\/p>\n<h3 style=\"text-align: left;\"><span style=\"color: #333333;\">Ubicaci\u00f3n<\/span><\/h3>\n<p style=\"text-align: left;\"><span style=\"color: #333333;\"><strong>Bespoke San Jos\u00e9 del Cabo<\/strong><\/span><\/p>\n<p style=\"text-align: left;\">Miguel Hidalgo 9 L-6<br \/>\nArt District | San Jos\u00e9 del Cabo<\/p>\n<p>[\/vc_column_text][\/vc_column_inner][\/vc_row_inner][\/vc_column][\/vc_row][vc_row overflow_visible=\u00bbtrue\u00bb overflow_visible_tablet=\u00bbtrue\u00bb overflow_visible_mobile=\u00bbtrue\u00bb hide_on_desktop=\u00bbtrue\u00bb hide_on_tablet=\u00bbtrue\u00bb el_name=\u00bbMobile Version\u00bb][vc_column width=\u00bb1\/2&#8243;]<div class=\"wpb_content_element \"><style type=\"text\/css\"><\/style><header id=\"ut_header_69e1454825360\" class=\"section-header  ut-no-title-linebreak-mobile ut-no-lead-linebreak-mobile pt-style-7 header-left header-tablet-left header-mobile-center\"><h2 data-title=\"Our Studio\"  class=\"section-title  \"><span>Our Studio<\/span><\/h2><div data-delay=\"0\" class=\"lead \"><p>Nuestro estudio esta localizado en el coraz\u00f3n de San Jos\u00e9 del Cabo en Los Cabos, BCS, M\u00e9xico.<br \/>\nBrindamos servicios de Arquitectura, Dise\u00f1o Interior y Dise\u00f1o de Mobiliario, este proceso de dise\u00f1o integral s\u00f3lo es posible con la invaluable contribuci\u00f3n de diferentes disciplinas y la visi\u00f3n de nuestros clientes.<\/p>\n<\/div><\/header><\/div>[\/vc_column][vc_column width=\u00bb1\/2&#8243;][vc_column_text]<\/p>\n<h3 style=\"text-align: center;\"><span style=\"color: #333333;\">Contacto<\/span><\/h3>\n<p style=\"text-align: center;\"><span style=\"color: #333333;\"><strong>Tel\u00e9fono<\/strong><\/span><\/p>\n<p style=\"text-align: center;\"><span style=\"color: #333333;\">+52 624-247-5875<\/span><\/p>\n<p style=\"text-align: center;\"><span style=\"color: #333333;\"><strong>Horario<\/strong><\/span><\/p>\n<p style=\"text-align: center;\"><span style=\"color: #333333;\">Mon &#8211; Fri: 9am &#8211; 5pm\u00a0<\/span><\/p>\n<p>[\/vc_column_text][vc_column_text]<\/p>\n<h3 style=\"text-align: center;\"><span style=\"color: #333333;\">Ubicaci\u00f3n<\/span><\/h3>\n<p style=\"text-align: center;\"><span style=\"color: #333333;\"><strong>Bespoke San Jos\u00e9 del Cabo<\/strong><\/span><\/p>\n<p style=\"text-align: center;\">Miguel Hidalgo 9 L-6<br \/>\nArt District | San Jos\u00e9 del Cabo<\/p>\n<p>[\/vc_column_text][\/vc_column][\/vc_row][\/vc_section]<\/p>\n","protected":false},"excerpt":{"rendered":"<p>[vc_section css=\u00bb.vc_custom_1635799722622{padding-bottom: 0px !important;}\u00bb el_name=\u00bbWelcome to our Studio\u00bb][vc_row css=\u00bb.vc_custom_1635985871454{margin-top: -80px !important;margin-bottom: -40px !important;}\u00bb][vc_column][\/vc_column][\/vc_row][vc_row full_width=\u00bbstretch_row_content_no_spaces\u00bb][vc_column][\/vc_column][\/vc_row][\/vc_section][vc_section css=\u00bb.vc_custom_1635985890358{margin-top: -80px !important;margin-bottom: -160px !important;padding-bottom: 0px !important;background-color: #fcfaf6 !important;}\u00bb el_name=\u00bbOur Studio\u00bb][vc_row hide_on_mobile=\u00bbtrue\u00bb el_name=\u00bbDesktop and Tablet Version\u00bb][vc_column width=\u00bb1\/2&#8243;][\/vc_column][vc_column width=\u00bb1\/2&#8243;][vc_row_inner][vc_column_inner width=\u00bb1\/2&#8243;][vc_column_text] Contacto Tel\u00e9fono +52 624-247-5875 Horario Mon &#8211; Fri: 9am &#8211; 5pm [\/vc_column_text][\/vc_column_inner][vc_column_inner width=\u00bb1\/2&#8243;][vc_column_text] Ubicaci\u00f3n Bespoke San Jos\u00e9 del Cabo Miguel Hidalgo 9 [&hellip;]<\/p>\n","protected":false},"author":1,"featured_media":0,"parent":0,"menu_order":0,"comment_status":"closed","ping_status":"closed","template":"","meta":[],"_links":{"self":[{"href":"https:\/\/www.bespokecabo.com\/es\/wp-json\/wp\/v2\/pages\/517"}],"collection":[{"href":"https:\/\/www.bespokecabo.com\/es\/wp-json\/wp\/v2\/pages"}],"about":[{"href":"https:\/\/www.bespokecabo.com\/es\/wp-json\/wp\/v2\/types\/page"}],"author":[{"embeddable":true,"href":"https:\/\/www.bespokecabo.com\/es\/wp-json\/wp\/v2\/users\/1"}],"replies":[{"embeddable":true,"href":"https:\/\/www.bespokecabo.com\/es\/wp-json\/wp\/v2\/comments?post=517"}],"version-history":[{"count":52,"href":"https:\/\/www.bespokecabo.com\/es\/wp-json\/wp\/v2\/pages\/517\/revisions"}],"predecessor-version":[{"id":772,"href":"https:\/\/www.bespokecabo.com\/es\/wp-json\/wp\/v2\/pages\/517\/revisions\/772"}],"wp:attachment":[{"href":"https:\/\/www.bespokecabo.com\/es\/wp-json\/wp\/v2\/media?parent=517"}],"curies":[{"name":"wp","href":"https:\/\/api.w.org\/{rel}","templated":true}]}}